{"id":54,"date":"2024-05-23T09:01:55","date_gmt":"2024-05-23T09:01:55","guid":{"rendered":"https:\/\/tischtennis-markdorf.de\/?page_id=54"},"modified":"2025-01-27T11:46:27","modified_gmt":"2025-01-27T10:46:27","slug":"mitgliedschaft","status":"publish","type":"page","link":"https:\/\/tischtennis-markdorf.de\/?page_id=54","title":{"rendered":"Mitgliedschaft"},"content":{"rendered":"\n<p>Beim Interesse einer Mitgliedschaft in der Abteilung Tischtennis des SC Markdorfs, kann folgendes Beitragsformular ausgef\u00fcllt an die angegebene Adresse gesendet oder bei einem Trainingstag pers\u00f6nlich mitgebracht werden.<\/p>\n\n\n\n<div class=\"wp-block-file\"><a id=\"wp-block-file--media-dfbb6bad-82b8-4595-b2c7-cb32f2951753\" href=\"https:\/\/tischtennis-markdorf.de\/wp-content\/uploads\/2025\/01\/Beitritts-Antrag.pdf\">Beitritts-Antrag<\/a><a href=\"https:\/\/tischtennis-markdorf.de\/wp-content\/uploads\/2025\/01\/Beitritts-Antrag.pdf\" class=\"wp-block-file__button wp-element-button\" download aria-describedby=\"wp-block-file--media-dfbb6bad-82b8-4595-b2c7-cb32f2951753\">Herunterladen<\/a><\/div>\n\n\n\n<p class=\"has-medium-font-size\"><strong>Jahresbeitr\u00e4ge<\/strong><\/p>\n\n\n\n<figure class=\"wp-block-table\"><table><tbody><tr><td><strong>Erwachsene (Aktive Mitglieder)<\/strong><\/td><td>50 \u20ac<\/td><\/tr><tr><td><strong>Jugend (Aktive Mitglieder)<\/strong><\/td><td>35 \u20ac (ab 18 Jahren automatische Umstellung auf Erwachsene)<\/td><\/tr><tr><td><strong>Familienmitgliedschaft<\/strong><\/td><td>Ab dem 2. Familienmitglied f\u00e4llt nur noch der halbe Beitrag f\u00fcr diese Person an<\/td><\/tr><tr><td><strong>Passive Mitgliedschaft<\/strong><\/td><td>25 \u20ac<\/td><\/tr><tr><td><strong>F\u00f6rdermitgliedschaft<\/strong><\/td><td>20 \u20ac<\/td><\/tr><\/tbody><\/table><\/figure>\n\n\n\n<p><\/p>\n","protected":false},"excerpt":{"rendered":"<p>Beim Interesse einer Mitgliedschaft in der Abteilung Tischtennis des SC Markdorfs, kann folgendes Beitragsformular ausgef\u00fcllt an die angegebene Adresse gesendet oder bei einem Trainingstag pers\u00f6nlich mitgebracht werden. Jahresbeitr\u00e4ge Erwachsene (Aktive Mitglieder) 50 \u20ac Jugend (Aktive Mitglieder) 35 \u20ac (ab 18 Jahren automatische Umstellung auf Erwachsene) Familienmitgliedschaft Ab dem 2. Familienmitglied f\u00e4llt nur noch der halbe [&hellip;]<\/p>\n","protected":false},"author":1,"featured_media":0,"parent":0,"menu_order":0,"comment_status":"closed","ping_status":"closed","template":"","meta":{"_uag_custom_page_level_css":"","site-sidebar-layout":"default","site-content-layout":"","ast-site-content-layout":"","site-content-style":"default","site-sidebar-style":"default","ast-global-header-display":"","ast-banner-title-visibility":"","ast-main-header-display":"","ast-hfb-above-header-display":"","ast-hfb-below-header-display":"","ast-hfb-mobile-header-display":"","site-post-title":"","ast-breadcrumbs-content":"","ast-featured-img":"","footer-sml-layout":"","theme-transparent-header-meta":"","adv-header-id-meta":"","stick-header-meta":"","header-above-stick-meta":"","header-main-stick-meta":"","header-below-stick-meta":"","astra-migrate-meta-layouts":"default","ast-page-background-enabled":"default","ast-page-background-meta":{"desktop":{"background-color":"var(--ast-global-color-4)","background-image":"","background-repeat":"repeat","background-position":"center center","background-size":"auto","background-attachment":"scroll","background-type":"","background-media":"","overlay-type":"","overlay-color":"","overlay-opacity":"","overlay-gradient":""},"tablet":{"background-color":"","background-image":"","background-repeat":"repeat","background-position":"center center","background-size":"auto","background-attachment":"scroll","background-type":"","background-media":"","overlay-type":"","overlay-color":"","overlay-opacity":"","overlay-gradient":""},"mobile":{"background-color":"","background-image":"","background-repeat":"repeat","background-position":"center center","background-size":"auto","background-attachment":"scroll","background-type":"","background-media":"","overlay-type":"","overlay-color":"","overlay-opacity":"","overlay-gradient":""}},"ast-content-background-meta":{"desktop":{"background-color":"var(--ast-global-color-5)","background-image":"","background-repeat":"repeat","background-position":"center center","background-size":"auto","background-attachment":"scroll","background-type":"","background-media":"","overlay-type":"","overlay-color":"","overlay-opacity":"","overlay-gradient":""},"tablet":{"background-color":"var(--ast-global-color-5)","background-image":"","background-repeat":"repeat","background-position":"center center","background-size":"auto","background-attachment":"scroll","background-type":"","background-media":"","overlay-type":"","overlay-color":"","overlay-opacity":"","overlay-gradient":""},"mobile":{"background-color":"var(--ast-global-color-5)","background-image":"","background-repeat":"repeat","background-position":"center center","background-size":"auto","background-attachment":"scroll","background-type":"","background-media":"","overlay-type":"","overlay-color":"","overlay-opacity":"","overlay-gradient":""}},"footnotes":""},"class_list":["post-54","page","type-page","status-publish","hentry"],"uagb_featured_image_src":{"full":false,"thumbnail":false,"medium":false,"medium_large":false,"large":false,"1536x1536":false,"2048x2048":false},"uagb_author_info":{"display_name":"Tischtennis Markdorf","author_link":"https:\/\/tischtennis-markdorf.de\/?author=1"},"uagb_comment_info":0,"uagb_excerpt":"Beim Interesse einer Mitgliedschaft in der Abteilung Tischtennis des SC Markdorfs, kann folgendes Beitragsformular ausgef\u00fcllt an die angegebene Adresse gesendet oder bei einem Trainingstag pers\u00f6nlich mitgebracht werden. Jahresbeitr\u00e4ge Erwachsene (Aktive Mitglieder) 50 \u20ac Jugend (Aktive Mitglieder) 35 \u20ac (ab 18 Jahren automatische Umstellung auf Erwachsene) Familienmitgliedschaft Ab dem 2. Familienmitglied f\u00e4llt nur noch der halbe&hellip;","_links":{"self":[{"href":"https:\/\/tischtennis-markdorf.de\/index.php?rest_route=\/wp\/v2\/pages\/54","targetHints":{"allow":["GET"]}}],"collection":[{"href":"https:\/\/tischtennis-markdorf.de\/index.php?rest_route=\/wp\/v2\/pages"}],"about":[{"href":"https:\/\/tischtennis-markdorf.de\/index.php?rest_route=\/wp\/v2\/types\/page"}],"author":[{"embeddable":true,"href":"https:\/\/tischtennis-markdorf.de\/index.php?rest_route=\/wp\/v2\/users\/1"}],"replies":[{"embeddable":true,"href":"https:\/\/tischtennis-markdorf.de\/index.php?rest_route=%2Fwp%2Fv2%2Fcomments&post=54"}],"version-history":[{"count":5,"href":"https:\/\/tischtennis-markdorf.de\/index.php?rest_route=\/wp\/v2\/pages\/54\/revisions"}],"predecessor-version":[{"id":165,"href":"https:\/\/tischtennis-markdorf.de\/index.php?rest_route=\/wp\/v2\/pages\/54\/revisions\/165"}],"wp:attachment":[{"href":"https:\/\/tischtennis-markdorf.de\/index.php?rest_route=%2Fwp%2Fv2%2Fmedia&parent=54"}],"curies":[{"name":"wp","href":"https:\/\/api.w.org\/{rel}","templated":true}]}}