{"id":56,"date":"2024-05-23T09:01:55","date_gmt":"2024-05-23T09:01:55","guid":{"rendered":"https:\/\/tischtennis-markdorf.de\/?page_id=56"},"modified":"2024-05-28T16:13:19","modified_gmt":"2024-05-28T14:13:19","slug":"geschichte","status":"publish","type":"page","link":"https:\/\/tischtennis-markdorf.de\/?page_id=56","title":{"rendered":"Geschichte"},"content":{"rendered":"\n<h2 class=\"wp-block-heading\">Die Geschichte der Tischtennis-Abteilung<\/h2>\n\n\n\n<p>1955 wurde der Verein von einigen Tischtennis-Begeisterten gegr\u00fcndet. Es waren bescheidene Anf\u00e4nge. In Garagen und in Nebenzimmern von Gastst\u00e4tten wurden die ersten Freundschaftsspiele ausgetragen. Bald aber fand in der Schlosshalle ein regelm\u00e4\u00dfiger Trainings- und Spielbetrieb statt.<\/p>\n\n\n\n<p>Aufgrund der Schlosssanierung mussten wir 1983 unsere geliebte Schloss-Halle verlassen. Unser neues Domizil wurde die Mehrzweckhalle in Leimbach. Hier waren die Voraussetzungen einer normalen Sporthalle gegeben. Der Spielbetrieb konnte zu den vereinbarten Trainingszeiten und an den daf\u00fcr vorgesehenen Wochenenden durchgef\u00fchrt werden.<\/p>\n\n\n\n<p>Sportliche Erfolge und Geselligkeit pr\u00e4gten mehr als ein halbes Jahrhundert die Vereinsgeschichte. Im Jahr 2005 wurde das 50 j\u00e4hrige Bestehen ausgiebig gefeiert. Seit Herbst 2005 sind wir auch als Sportgruppe in der Neuen Sporthalle des Bildungszentrums Markdorf integriert.<\/p>\n\n\n\n<p>Mit ca. 100 Mitgliedern haben wir uns zu einem in Markdorf nicht wegzudenkenden Verein entwickelt. Erfolge von zeitweise vier Herren- und meistens zwei Damen- und mehreren Jugendmannschaften, sowie herausragende Ergebnisse von Spielern und Spielerinnen, waren zu verzeichnen. Auch kontinuierliche Jugendarbeit war und ist zu allen Zeiten ein erstes Anliegen der Abteilung Tischtennis.<\/p>\n\n\n\n<p>Die sportlichen Moden \u00e4ndern sich immer wieder, die Anzahl der Mannschaften schwankt \u00fcber die Jahre. Dabei ist unsere Mitgliederentwicklung stabil und das Interesse nicht nur der Sch\u00fcler und Jugendlichen am Tischtennis ist ungebrochen!<\/p>\n\n\n\n<p>Die Durchf\u00fchrung von Turnieren und die j\u00e4hrliche Beteiligung am Stadtfest geh\u00f6ren ebenso zum Vereinsleben und sind nur durch den Arbeitseinsatz viele Helfer m\u00f6glich. Die sportlichen Aktivit\u00e4ten werden durch unsere geselligen Veranstaltungen wie Winterwanderung, Jahresausflug und Jahresabschlussfeier erg\u00e4nzt. Sie tragen dazu bei, die Kameradschaft und den Zusammenhalt unserer Abteilung zu festigen.<\/p>\n","protected":false},"excerpt":{"rendered":"<p>Die Geschichte der Tischtennis-Abteilung 1955 wurde der Verein von einigen Tischtennis-Begeisterten gegr\u00fcndet. Es waren bescheidene Anf\u00e4nge. In Garagen und in Nebenzimmern von Gastst\u00e4tten wurden die ersten Freundschaftsspiele ausgetragen. Bald aber fand in der Schlosshalle ein regelm\u00e4\u00dfiger Trainings- und Spielbetrieb statt. Aufgrund der Schlosssanierung mussten wir 1983 unsere geliebte Schloss-Halle verlassen. Unser neues Domizil wurde die [&hellip;]<\/p>\n","protected":false},"author":1,"featured_media":0,"parent":0,"menu_order":0,"comment_status":"closed","ping_status":"closed","template":"","meta":{"_uag_custom_page_level_css":"","site-sidebar-layout":"default","site-content-layout":"","ast-site-content-layout":"","site-content-style":"default","site-sidebar-style":"default","ast-global-header-display":"","ast-banner-title-visibility":"","ast-main-header-display":"","ast-hfb-above-header-display":"","ast-hfb-below-header-display":"","ast-hfb-mobile-header-display":"","site-post-title":"disabled","ast-breadcrumbs-content":"","ast-featured-img":"","footer-sml-layout":"","theme-transparent-header-meta":"","adv-header-id-meta":"","stick-header-meta":"","header-above-stick-meta":"","header-main-stick-meta":"","header-below-stick-meta":"","astra-migrate-meta-layouts":"default","ast-page-background-enabled":"default","ast-page-background-meta":{"desktop":{"background-color":"var(--ast-global-color-4)","background-image":"","background-repeat":"repeat","background-position":"center center","background-size":"auto","background-attachment":"scroll","background-type":"","background-media":"","overlay-type":"","overlay-color":"","overlay-opacity":"","overlay-gradient":""},"tablet":{"background-color":"","background-image":"","background-repeat":"repeat","background-position":"center center","background-size":"auto","background-attachment":"scroll","background-type":"","background-media":"","overlay-type":"","overlay-color":"","overlay-opacity":"","overlay-gradient":""},"mobile":{"background-color":"","background-image":"","background-repeat":"repeat","background-position":"center center","background-size":"auto","background-attachment":"scroll","background-type":"","background-media":"","overlay-type":"","overlay-color":"","overlay-opacity":"","overlay-gradient":""}},"ast-content-background-meta":{"desktop":{"background-color":"var(--ast-global-color-5)","background-image":"","background-repeat":"repeat","background-position":"center center","background-size":"auto","background-attachment":"scroll","background-type":"","background-media":"","overlay-type":"","overlay-color":"","overlay-opacity":"","overlay-gradient":""},"tablet":{"background-color":"var(--ast-global-color-5)","background-image":"","background-repeat":"repeat","background-position":"center center","background-size":"auto","background-attachment":"scroll","background-type":"","background-media":"","overlay-type":"","overlay-color":"","overlay-opacity":"","overlay-gradient":""},"mobile":{"background-color":"var(--ast-global-color-5)","background-image":"","background-repeat":"repeat","background-position":"center center","background-size":"auto","background-attachment":"scroll","background-type":"","background-media":"","overlay-type":"","overlay-color":"","overlay-opacity":"","overlay-gradient":""}},"footnotes":""},"class_list":["post-56","page","type-page","status-publish","hentry"],"uagb_featured_image_src":{"full":false,"thumbnail":false,"medium":false,"medium_large":false,"large":false,"1536x1536":false,"2048x2048":false},"uagb_author_info":{"display_name":"Tischtennis Markdorf","author_link":"https:\/\/tischtennis-markdorf.de\/?author=1"},"uagb_comment_info":0,"uagb_excerpt":"Die Geschichte der Tischtennis-Abteilung 1955 wurde der Verein von einigen Tischtennis-Begeisterten gegr\u00fcndet. Es waren bescheidene Anf\u00e4nge. In Garagen und in Nebenzimmern von Gastst\u00e4tten wurden die ersten Freundschaftsspiele ausgetragen. Bald aber fand in der Schlosshalle ein regelm\u00e4\u00dfiger Trainings- und Spielbetrieb statt. Aufgrund der Schlosssanierung mussten wir 1983 unsere geliebte Schloss-Halle verlassen. Unser neues Domizil wurde die&hellip;","_links":{"self":[{"href":"https:\/\/tischtennis-markdorf.de\/index.php?rest_route=\/wp\/v2\/pages\/56","targetHints":{"allow":["GET"]}}],"collection":[{"href":"https:\/\/tischtennis-markdorf.de\/index.php?rest_route=\/wp\/v2\/pages"}],"about":[{"href":"https:\/\/tischtennis-markdorf.de\/index.php?rest_route=\/wp\/v2\/types\/page"}],"author":[{"embeddable":true,"href":"https:\/\/tischtennis-markdorf.de\/index.php?rest_route=\/wp\/v2\/users\/1"}],"replies":[{"embeddable":true,"href":"https:\/\/tischtennis-markdorf.de\/index.php?rest_route=%2Fwp%2Fv2%2Fcomments&post=56"}],"version-history":[{"count":3,"href":"https:\/\/tischtennis-markdorf.de\/index.php?rest_route=\/wp\/v2\/pages\/56\/revisions"}],"predecessor-version":[{"id":138,"href":"https:\/\/tischtennis-markdorf.de\/index.php?rest_route=\/wp\/v2\/pages\/56\/revisions\/138"}],"wp:attachment":[{"href":"https:\/\/tischtennis-markdorf.de\/index.php?rest_route=%2Fwp%2Fv2%2Fmedia&parent=56"}],"curies":[{"name":"wp","href":"https:\/\/api.w.org\/{rel}","templated":true}]}}